{"id":5500,"date":"2023-07-20T14:42:06","date_gmt":"2023-07-20T14:42:06","guid":{"rendered":"http:\/\/piwee.eco\/?page_id=5500"},"modified":"2023-07-20T15:06:00","modified_gmt":"2023-07-20T15:06:00","slug":"5500-2","status":"publish","type":"page","link":"https:\/\/piwee.eco\/?page_id=5500","title":{"rendered":"PIWEE &#8211; Le pipi impactant"},"content":{"rendered":"\n<div class=\"wp-block-group alignwide has-global-padding is-layout-constrained wp-block-group-is-layout-constrained\">\n<div class=\"wp-block-media-text alignwide has-media-on-the-right is-stacked-on-mobile has-white-color has-text-color has-background has-large-font-size\" style=\"background-color:#f6f6df\"><div class=\"wp-block-media-text__content\"><div class=\"is-default-size wp-block-site-logo\"><a href=\"https:\/\/piwee.eco\/\" class=\"custom-logo-link\" rel=\"home\"><img loading=\"lazy\" width=\"244\" height=\"231\" src=\"https:\/\/piwee.eco\/wp-content\/uploads\/2023\/07\/Image1.png\" class=\"custom-logo\" alt=\"Piwee, la valorisation de l\u2019urine en engrais\" decoding=\"async\" \/><\/a><\/div>\n\n\n<p class=\"has-text-align-left has-background\" style=\"background-color:#f6f6df\">Piwee &#8211; Le pipi impactant<\/p>\n<\/div><figure class=\"wp-block-media-text__media\"><\/figure><\/div>\n<\/div>\n\n\n\n<div class=\"alignnormal\"><div id=\"metaslider-id-97\" style=\"width: 100%;\" class=\"ml-slider-3-107-0 metaslider metaslider-flex metaslider-97 ml-slider has-dots-nav ms-theme-default\" role=\"region\" aria-label=\"Partenaires\" data-height=\"200\" data-width=\"700\">\n    <div id=\"metaslider_container_97\">\n        <div id=\"metaslider_97\">\n            <ul class='slides'>\n                <li style=\"display: block; width: 100%;\" class=\"slide-118 ms-image \" aria-roledescription=\"slide\" data-date=\"2023-06-20 13:21:37\" data-filename=\"Premiere-Slide-Partenaires-1-1-700x200.png\" data-slide-type=\"image\"><img src=\"https:\/\/piwee.eco\/wp-content\/uploads\/2023\/07\/Premiere-Slide-Partenaires-1-1-700x200.png\" height=\"200\" width=\"700\" alt=\"\" class=\"slider-97 slide-118 msDefaultImage\" title=\"Premi\u00e8re Slide Partenaires\" \/><\/li>\n                <li style=\"display: none; width: 100%;\" class=\"slide-119 ms-image \" aria-roledescription=\"slide\" data-date=\"2023-06-20 13:21:38\" data-filename=\"Deuxieme-Slide-Partenaires-1-700x200.png\" data-slide-type=\"image\"><img src=\"https:\/\/piwee.eco\/wp-content\/uploads\/2023\/07\/Deuxieme-Slide-Partenaires-1-700x200.png\" height=\"200\" width=\"700\" alt=\"\" class=\"slider-97 slide-119 msDefaultImage\" title=\"Deuxi\u00e8me Slide Partenaires\" \/><\/li>\n            <\/ul>\n        <\/div>\n        \n    <\/div>\n<\/div><\/div>\n\n\n\n<div class=\"alignnormal\"><div id=\"metaslider-id-94\" style=\"width: 100%;\" class=\"ml-slider-3-107-0 metaslider metaslider-flex metaslider-94 ml-slider has-dots-nav ms-theme-default\" role=\"region\" aria-label=\"Reconnaissances\" data-height=\"200\" data-width=\"700\">\n    <div id=\"metaslider_container_94\">\n        <div id=\"metaslider_94\">\n            <ul class='slides'>\n                <li style=\"display: block; width: 100%;\" class=\"slide-123 ms-image \" aria-roledescription=\"slide\" data-date=\"2023-06-20 13:31:37\" data-filename=\"Diapo-Reconnaissances-700x200.png\" data-slide-type=\"image\"><img src=\"https:\/\/piwee.eco\/wp-content\/uploads\/2023\/07\/Diapo-Reconnaissances-700x200.png\" height=\"200\" width=\"700\" alt=\"\" class=\"slider-94 slide-123 msDefaultImage\" title=\"Diapo Reconnaissances\" \/><\/li>\n            <\/ul>\n        <\/div>\n        \n    <\/div>\n<\/div><\/div>\n\n\n\n<p class=\"has-text-color has-medium-font-size\" style=\"color:#008037\">Nous contacter<\/p>\n\n\n<div class=\"wpforms-container wpforms-block wpforms-block-c47f277a-416b-4413-af59-c3e6913e3a31\" id=\"wpforms-65\"><form id=\"wpforms-form-65\" class=\"wpforms-validate wpforms-form wpforms-ajax-form\" data-formid=\"65\" method=\"post\" enctype=\"multipart\/form-data\" action=\"\/index.php?rest_route=%2Fwp%2Fv2%2Fpages%2F5500\" data-token=\"023abdb3df4f75b4b9079972ce010719\" data-token-time=\"1775944530\"><noscript class=\"wpforms-error-noscript\">Veuillez activer JavaScript dans votre navigateur pour remplir ce formulaire.<\/noscript><div class=\"wpforms-field-container\"><div id=\"wpforms-65-field_4-container\" class=\"wpforms-field wpforms-field-name\" data-field-id=\"4\"><label class=\"wpforms-field-label\" for=\"wpforms-65-field_4\">Entreprise<\/label><input type=\"text\" id=\"wpforms-65-field_4\" class=\"wpforms-field-medium\" name=\"wpforms[fields][4]\" ><\/div><div id=\"wpforms-65-field_0-container\" class=\"wpforms-field wpforms-field-name\" data-field-id=\"0\"><label class=\"wpforms-field-label\" for=\"wpforms-65-field_0\">Nom <span class=\"wpforms-required-label\">*<\/span><\/label><input type=\"text\" id=\"wpforms-65-field_0\" class=\"wpforms-field-medium wpforms-field-required\" name=\"wpforms[fields][0]\" required><\/div><div id=\"wpforms-65-field_3-container\" class=\"wpforms-field wpforms-field-name\" data-field-id=\"3\"><label class=\"wpforms-field-label\" for=\"wpforms-65-field_3\">Pr\u00e9nom <span class=\"wpforms-required-label\">*<\/span><\/label><input type=\"text\" id=\"wpforms-65-field_3\" class=\"wpforms-field-medium wpforms-field-required\" name=\"wpforms[fields][3]\" required><\/div><div id=\"wpforms-65-field_7-container\" class=\"wpforms-field wpforms-field-name\" data-field-id=\"7\"><label class=\"wpforms-field-label\" for=\"wpforms-65-field_7\">Num\u00e9ro de t\u00e9l\u00e9phone <span class=\"wpforms-required-label\">*<\/span><\/label><input type=\"text\" id=\"wpforms-65-field_7\" class=\"wpforms-field-medium wpforms-field-required\" name=\"wpforms[fields][7]\" required><\/div><div id=\"wpforms-65-field_1-container\" class=\"wpforms-field wpforms-field-email\" data-field-id=\"1\"><label class=\"wpforms-field-label\" for=\"wpforms-65-field_1\">E-mail <span class=\"wpforms-required-label\">*<\/span><\/label><input type=\"email\" id=\"wpforms-65-field_1\" class=\"wpforms-field-medium wpforms-field-required\" name=\"wpforms[fields][1]\" spellcheck=\"false\" required><\/div><div id=\"wpforms-65-field_2-container\" class=\"wpforms-field wpforms-field-textarea\" data-field-id=\"2\"><label class=\"wpforms-field-label\" for=\"wpforms-65-field_2\">Commentaire ou message<\/label><textarea id=\"wpforms-65-field_2\" class=\"wpforms-field-medium\" name=\"wpforms[fields][2]\" ><\/textarea><\/div><\/div><!-- .wpforms-field-container --><div class=\"wpforms-submit-container\" ><input type=\"hidden\" name=\"wpforms[id]\" value=\"65\"><input type=\"hidden\" name=\"page_title\" value=\"\"><input type=\"hidden\" name=\"page_url\" value=\"https:\/\/piwee.eco\/index.php?rest_route=\/wp\/v2\/pages\/5500\"><input type=\"hidden\" name=\"url_referer\" value=\"\"><button type=\"submit\" name=\"wpforms[submit]\" id=\"wpforms-submit-65\" class=\"wpforms-submit\" data-alt-text=\"Envoi...\" data-submit-text=\"Envoyer\" aria-live=\"assertive\" value=\"wpforms-submit\">Envoyer<\/button><img decoding=\"async\" loading=\"lazy\" src=\"https:\/\/piwee.eco\/wp-content\/plugins\/wpforms-lite\/assets\/images\/submit-spin.svg\" class=\"wpforms-submit-spinner\" style=\"display: none;\" width=\"26\" height=\"26\" alt=\"Chargement en cours\"><\/div><\/form><\/div>  <!-- .wpforms-container -->","protected":false},"excerpt":{"rendered":"<p>Piwee &#8211; Le pipi impactant Nous contacter<\/p>\n","protected":false},"author":1,"featured_media":0,"parent":0,"menu_order":0,"comment_status":"closed","ping_status":"closed","template":"","meta":{"_eb_attr":"","_monsterinsights_skip_tracking":false,"_monsterinsights_sitenote_active":false,"_monsterinsights_sitenote_note":"","_monsterinsights_sitenote_category":0,"_uf_show_specific_survey":0,"_uf_disable_surveys":false,"footnotes":""},"_links":{"self":[{"href":"https:\/\/piwee.eco\/index.php?rest_route=\/wp\/v2\/pages\/5500"}],"collection":[{"href":"https:\/\/piwee.eco\/index.php?rest_route=\/wp\/v2\/pages"}],"about":[{"href":"https:\/\/piwee.eco\/index.php?rest_route=\/wp\/v2\/types\/page"}],"author":[{"embeddable":true,"href":"https:\/\/piwee.eco\/index.php?rest_route=\/wp\/v2\/users\/1"}],"replies":[{"embeddable":true,"href":"https:\/\/piwee.eco\/index.php?rest_route=%2Fwp%2Fv2%2Fcomments&post=5500"}],"version-history":[{"count":5,"href":"https:\/\/piwee.eco\/index.php?rest_route=\/wp\/v2\/pages\/5500\/revisions"}],"predecessor-version":[{"id":5508,"href":"https:\/\/piwee.eco\/index.php?rest_route=\/wp\/v2\/pages\/5500\/revisions\/5508"}],"wp:attachment":[{"href":"https:\/\/piwee.eco\/index.php?rest_route=%2Fwp%2Fv2%2Fmedia&parent=5500"}],"curies":[{"name":"wp","href":"https:\/\/api.w.org\/{rel}","templated":true}]}}